{"id":3877,"date":"2024-01-17T18:09:35","date_gmt":"2024-01-17T17:09:35","guid":{"rendered":"https:\/\/www.eosystemes.fr\/informacion-juridica\/"},"modified":"2024-06-17T10:32:30","modified_gmt":"2024-06-17T08:32:30","slug":"informacion-juridica","status":"publish","type":"page","link":"https:\/\/www.eosystemes.fr\/es\/informacion-juridica\/","title":{"rendered":"Informaci\u00f3n jur\u00eddica"},"content":{"rendered":"\t\t<div data-elementor-type=\"wp-page\" data-elementor-id=\"3877\" class=\"elementor elementor-3877 elementor-2164\">\n\t\t\t\t<div class=\"elementor-element elementor-element-95ef651 e-con-full e-flex e-con e-parent\" data-id=\"95ef651\" data-element_type=\"container\" data-settings=\"{&quot;background_background&quot;:&quot;classic&quot;}\" data-core-v316-plus=\"true\">\n\t\t<div class=\"elementor-element elementor-element-0ce5309 e-flex e-con-boxed e-con e-child\" data-id=\"0ce5309\" data-element_type=\"container\" data-settings=\"{&quot;background_background&quot;:&quot;classic&quot;,&quot;shape_divider_bottom&quot;:&quot;curve-asymmetrical&quot;,&quot;shape_divider_bottom_negative&quot;:&quot;yes&quot;}\" data-e-bg-lazyload=\"\">\n\t\t\t\t\t<div class=\"e-con-inner\">\n\t\t\t\t<div class=\"elementor-shape elementor-shape-bottom\" data-negative=\"true\">\n\t\t\t<svg xmlns=\"http:\/\/www.w3.org\/2000\/svg\" viewBox=\"0 0 1000 100\" preserveAspectRatio=\"none\">\n\t<path class=\"elementor-shape-fill\" d=\"M615.2,96.7C240.2,97.8,0,18.9,0,0v100h1000V0C1000,19.2,989.8,96,615.2,96.7z\"\/>\n<\/svg>\t\t<\/div>\n\t\t\t\t<div class=\"elementor-element elementor-element-2f2ec56 filariane elementor-widget elementor-widget-shortcode\" data-id=\"2f2ec56\" data-element_type=\"widget\" data-widget_type=\"shortcode.default\">\n\t\t\t\t<div class=\"elementor-widget-container\">\n\t\t\t\t\t<div class=\"elementor-shortcode\"><\/div>\n\t\t\t\t<\/div>\n\t\t\t\t<\/div>\n\t\t\t\t<div class=\"elementor-element elementor-element-cd5939d elementor-widget__width-initial elementor-widget elementor-widget-heading\" data-id=\"cd5939d\" data-element_type=\"widget\" data-widget_type=\"heading.default\">\n\t\t\t\t<div class=\"elementor-widget-container\">\n\t\t\t<style>\/*! elementor - v3.20.0 - 13-03-2024 *\/\n.elementor-heading-title{padding:0;margin:0;line-height:1}.elementor-widget-heading .elementor-heading-title[class*=elementor-size-]>a{color:inherit;font-size:inherit;line-height:inherit}.elementor-widget-heading .elementor-heading-title.elementor-size-small{font-size:15px}.elementor-widget-heading .elementor-heading-title.elementor-size-medium{font-size:19px}.elementor-widget-heading .elementor-heading-title.elementor-size-large{font-size:29px}.elementor-widget-heading .elementor-heading-title.elementor-size-xl{font-size:39px}.elementor-widget-heading .elementor-heading-title.elementor-size-xxl{font-size:59px}<\/style><span class=\"elementor-heading-title elementor-size-default\">Informaci\u00f3n jur\u00eddica<\/span>\t\t<\/div>\n\t\t\t\t<\/div>\n\t\t\t\t\t<\/div>\n\t\t\t\t<\/div>\n\t\t\t\t<\/div>\n\t\t<div class=\"elementor-element elementor-element-e0d0cf2 e-flex e-con-boxed e-con e-parent\" data-id=\"e0d0cf2\" data-element_type=\"container\" data-settings=\"{&quot;background_background&quot;:&quot;gradient&quot;}\" data-core-v316-plus=\"true\">\n\t\t\t\t\t<div class=\"e-con-inner\">\n\t\t\t\t<div class=\"elementor-element elementor-element-e7dcac5 elementor-widget elementor-widget-heading\" data-id=\"e7dcac5\" data-element_type=\"widget\" data-widget_type=\"heading.default\">\n\t\t\t\t<div class=\"elementor-widget-container\">\n\t\t\t<h1 class=\"elementor-heading-title elementor-size-default\">Informaci\u00f3n jur\u00eddica<\/h1>\t\t<\/div>\n\t\t\t\t<\/div>\n\t\t\t\t<div class=\"elementor-element elementor-element-e392db8 elementor-widget elementor-widget-text-editor\" data-id=\"e392db8\" data-element_type=\"widget\" data-widget_type=\"text-editor.default\">\n\t\t\t\t<div class=\"elementor-widget-container\">\n\t\t\t<style>\/*! elementor - v3.20.0 - 13-03-2024 *\/\n.elementor-widget-text-editor.elementor-drop-cap-view-stacked .elementor-drop-cap{background-color:#69727d;color:#fff}.elementor-widget-text-editor.elementor-drop-cap-view-framed .elementor-drop-cap{color:#69727d;border:3px solid;background-color:transparent}.elementor-widget-text-editor:not(.elementor-drop-cap-view-default) .elementor-drop-cap{margin-top:8px}.elementor-widget-text-editor:not(.elementor-drop-cap-view-default) .elementor-drop-cap-letter{width:1em;height:1em}.elementor-widget-text-editor .elementor-drop-cap{float:left;text-align:center;line-height:1;font-size:50px}.elementor-widget-text-editor .elementor-drop-cap-letter{display:inline-block}<\/style>\t\t\t\t<h2>Identidad del operador del centro<\/h2>\n<ul>\n<li><b>Nombre de la empresa:<\/b> EATON OUTILLAGES SYSTEMES<\/li>\n<li><b>Director :<\/b> Arnaud ABATI<\/li>\n<li><b>N\u00ba SIREN<\/b>: 521 791 376<\/li>\n<li><b>Domicilio social:<\/b> ZA les 2B, 570 chemin de Derontet, 01360 B\u00e9ligneux<\/li>\n<li><b>Tel\u00e9fono:<\/b> 04 78 21 99 60<\/li>\n<li><b>Correo electr\u00f3nico :<\/b> concact@eosystemes.fr<\/li>\n<li><b>N\u00famero de IVA intracomunitario:<\/b> FR 71 521 791 376<\/li>\n<li><b>Director de publicaci\u00f3n:<\/b> Nicolas Bergeret<\/li>\n<\/ul>\n<h2>Anfitri\u00f3n<\/h2>\n<ul>\n<li><b>Nombre de la empresa:<\/b> OVH<\/li>\n<li><b>Domicilio social:<\/b> 2 rue Kellermann &#8211; BP 80157 59053 ROUBAIX CEDEX 1<\/li>\n<\/ul>\n<h2>Dise\u00f1o y SEO<\/h2>\n<ul>\n<li><b>Agencia Webmarketing :<\/b> <em><br \/>\n  <a href=\"https:\/\/www.ionweb.fr\" target=\"_blank\" rel=\"nofollow noreferrer noopener\">iOnweb<\/a><br \/>\n<\/em><\/li>\n<\/ul>\n<h2>Propiedad intelectual &#8211; Protecci\u00f3n de bases de datos<\/h2>\n<p>Todos los elementos del Sitio, ya sean visuales o sonoros, incluida la tecnolog\u00eda subyacente, as\u00ed como los productos y servicios ofrecidos, est\u00e1n protegidos por derechos de propiedad intelectual, como derechos de autor, marcas o patentes. Son propiedad exclusiva de EATON OUTILLAGES SYSTEMES, de sus socios o de sus proveedores de contenidos. Queda prohibida toda reproducci\u00f3n, representaci\u00f3n o reutilizaci\u00f3n, total o parcial, en cualquier soporte. El incumplimiento de esta prohibici\u00f3n constituye una infracci\u00f3n de la que el infractor podr\u00e1 ser considerado responsable civil y penalmente. Los internautas que dispongan de un sitio Internet personal y que deseen colocar, para uso personal, en su sitio un simple enlace que remita directamente al Sitio, deber\u00e1n solicitar la autorizaci\u00f3n previa y por escrito de EATON OUTILLAGES SYSTEMES, sin que esta autorizaci\u00f3n pueda considerarse como un acuerdo de afiliaci\u00f3n impl\u00edcito. En todos los casos, cualquier enlace deber\u00e1 ser retirado a simple petici\u00f3n de EATON OUTILLAGES SYSTEMES.<\/p>\n<p>Queda prohibido extraer y\/o reutilizar sistem\u00e1ticamente partes del Sitio sin la autorizaci\u00f3n previa y por escrito de EATON OUTILLAGES SYSTEMES. En particular, est\u00e1 prohibido utilizar un robot de extracci\u00f3n de datos o cualquier otra herramienta similar de recogida o extracci\u00f3n de datos para extraer (en una o varias ocasiones) o reutilizar una parte sustancial del Sitio sin la autorizaci\u00f3n previa por escrito de EATON OUTILLAGES SYSTEMES. Est\u00e1 prohibido crear y\/o publicar bases de datos propias que incluyan partes sustanciales del Sitio sin la autorizaci\u00f3n previa y por escrito de EATON OUTILLAGES SYSTEMES.<\/p>\n<h2>Responsabilidad<\/h2>\n<p>EATON OUTILLAGES SYSTEMES no podr\u00e1 ser considerada responsable de las interrupciones de los servicios debidas a las caracter\u00edsticas y l\u00edmites de la red Internet, en particular en caso de interrupci\u00f3n de las redes de acceso, del rendimiento t\u00e9cnico y de los tiempos de respuesta para consultar la informaci\u00f3n contenida en el Sitio. EATON OUTILLAGES SYSTEMES no es en ning\u00fan caso responsable de las interrupciones de los servicios del Sitio debidas a dificultades t\u00e9cnicas o de otro tipo.<\/p>\n<p>Dadas las caracter\u00edsticas intr\u00ednsecas de Internet, EATON OUTILLAGES SYSTEMES no garantiza al internauta contra los riesgos de apropiaci\u00f3n indebida, intrusi\u00f3n, contaminaci\u00f3n y pirater\u00eda de sus datos, programas y ficheros. Es responsabilidad de los usuarios de Internet tomar todas las medidas adecuadas para proteger sus propios datos, programas y archivos, en particular contra los virus inform\u00e1ticos.<\/p>\n<p>EATON OUTILLAGES SYSTEMES no asume ning\u00fan compromiso ni responsabilidad, en forma alguna, con respecto a :<\/p>\n<ul>\n<li>Las consecuencias de la aver\u00eda de los equipos inform\u00e1ticos y\/o redes (ordenador, tel\u00e9fono, etc.) de un internauta;<\/li>\n<li>Las consecuencias de cualquier interrupci\u00f3n o fallo de la red de Internet y\/o de los servicios de acceso a Internet;<\/li>\n<li>Las consecuencias del incumplimiento de las instrucciones dadas por EATON OUTILLAGES SYSTEMES.<\/li>\n<\/ul>\n\t\t\t\t\t\t<\/div>\n\t\t\t\t<\/div>\n\t\t\t\t\t<\/div>\n\t\t\t\t<\/div>\n\t\t\t\t<\/div>\n\t\t","protected":false},"excerpt":{"rendered":"<p>Informaci\u00f3n jur\u00eddica Informaci\u00f3n jur\u00eddica Identidad del operador del centro Nombre de la empresa: EATON OUTILLAGES SYSTEMES Director : Arnaud ABATI N\u00ba SIREN: 521 791 376 Domicilio social: ZA les 2B, 570 chemin de Derontet, 01360 B\u00e9ligneux Tel\u00e9fono: 04 78 21 99 60 Correo electr\u00f3nico : concact@eosystemes.fr N\u00famero de IVA intracomunitario: FR 71 521 791 376 [&hellip;]<\/p>\n","protected":false},"author":1,"featured_media":0,"parent":0,"menu_order":0,"comment_status":"closed","ping_status":"closed","template":"","meta":{"site-sidebar-layout":"no-sidebar","site-content-layout":"page-builder","ast-site-content-layout":"full-width-container","site-content-style":"unboxed","site-sidebar-style":"unboxed","ast-global-header-display":"","ast-banner-title-visibility":"","ast-main-header-display":"","ast-hfb-above-header-display":"","ast-hfb-below-header-display":"","ast-hfb-mobile-header-display":"","site-post-title":"disabled","ast-breadcrumbs-content":"","ast-featured-img":"","footer-sml-layout":"","theme-transparent-header-meta":"disabled","adv-header-id-meta":"","stick-header-meta":"","header-above-stick-meta":"","header-main-stick-meta":"","header-below-stick-meta":"","astra-migrate-meta-layouts":"default","ast-page-background-enabled":"default","ast-page-background-meta":{"desktop":{"background-color":"var(--ast-global-color-4)","background-image":"","background-repeat":"repeat","background-position":"center center","background-size":"auto","background-attachment":"scroll","background-type":"","background-media":"","overlay-type":"","overlay-color":"","overlay-gradient":""},"tablet":{"background-color":"","background-image":"","background-repeat":"repeat","background-position":"center center","background-size":"auto","background-attachment":"scroll","background-type":"","background-media":"","overlay-type":"","overlay-color":"","overlay-gradient":""},"mobile":{"background-color":"","background-image":"","background-repeat":"repeat","background-position":"center center","background-size":"auto","background-attachment":"scroll","background-type":"","background-media":"","overlay-type":"","overlay-color":"","overlay-gradient":""}},"ast-content-background-meta":{"desktop":{"background-color":"var(--ast-global-color-5)","background-image":"","background-repeat":"repeat","background-position":"center center","background-size":"auto","background-attachment":"scroll","background-type":"","background-media":"","overlay-type":"","overlay-color":"","overlay-gradient":""},"tablet":{"background-color":"var(--ast-global-color-5)","background-image":"","background-repeat":"repeat","background-position":"center center","background-size":"auto","background-attachment":"scroll","background-type":"","background-media":"","overlay-type":"","overlay-color":"","overlay-gradient":""},"mobile":{"background-color":"var(--ast-global-color-5)","background-image":"","background-repeat":"repeat","background-position":"center center","background-size":"auto","background-attachment":"scroll","background-type":"","background-media":"","overlay-type":"","overlay-color":"","overlay-gradient":""}},"footnotes":""},"class_list":["post-3877","page","type-page","status-publish","hentry"],"yoast_head":"<!-- This site is optimized with the Yoast SEO plugin v21.9.1 - https:\/\/yoast.com\/wordpress\/plugins\/seo\/ -->\n<title>Informaci\u00f3n jur\u00eddica | EOS<\/title>\n<meta name=\"description\" content=\"Informaci\u00f3n jur\u00eddica sobre el sitio web de EOS\" \/>\n<meta name=\"robots\" content=\"index, follow, max-snippet:-1, max-image-preview:large, max-video-preview:-1\" \/>\n<link rel=\"canonical\" href=\"https:\/\/www.eosystemes.fr\/es\/informacion-juridica\/\" \/>\n<meta property=\"og:locale\" content=\"es_ES\" \/>\n<meta property=\"og:type\" content=\"article\" \/>\n<meta property=\"og:title\" content=\"Informaci\u00f3n jur\u00eddica | EOS\" \/>\n<meta property=\"og:description\" content=\"Informaci\u00f3n jur\u00eddica sobre el sitio web de EOS\" \/>\n<meta property=\"og:url\" content=\"https:\/\/www.eosystemes.fr\/es\/informacion-juridica\/\" \/>\n<meta property=\"og:site_name\" content=\"EOS\" \/>\n<meta property=\"article:modified_time\" content=\"2024-06-17T08:32:30+00:00\" \/>\n<meta name=\"twitter:card\" content=\"summary_large_image\" \/>\n<meta name=\"twitter:label1\" content=\"Tiempo de lectura\" \/>\n\t<meta name=\"twitter:data1\" content=\"3 minutos\" \/>\n<script type=\"application\/ld+json\" class=\"yoast-schema-graph\">{\"@context\":\"https:\/\/schema.org\",\"@graph\":[{\"@type\":\"WebPage\",\"@id\":\"https:\/\/www.eosystemes.fr\/es\/informacion-juridica\/\",\"url\":\"https:\/\/www.eosystemes.fr\/es\/informacion-juridica\/\",\"name\":\"Informaci\u00f3n jur\u00eddica | EOS\",\"isPartOf\":{\"@id\":\"https:\/\/www.eosystemes.fr\/es\/#website\"},\"datePublished\":\"2024-01-17T17:09:35+00:00\",\"dateModified\":\"2024-06-17T08:32:30+00:00\",\"description\":\"Informaci\u00f3n jur\u00eddica sobre el sitio web de EOS\",\"inLanguage\":\"es\",\"potentialAction\":[{\"@type\":\"ReadAction\",\"target\":[\"https:\/\/www.eosystemes.fr\/es\/informacion-juridica\/\"]}]},{\"@type\":\"WebSite\",\"@id\":\"https:\/\/www.eosystemes.fr\/es\/#website\",\"url\":\"https:\/\/www.eosystemes.fr\/es\/\",\"name\":\"EOS\",\"description\":\"\",\"publisher\":{\"@id\":\"https:\/\/www.eosystemes.fr\/es\/#organization\"},\"potentialAction\":[{\"@type\":\"SearchAction\",\"target\":{\"@type\":\"EntryPoint\",\"urlTemplate\":\"https:\/\/www.eosystemes.fr\/es\/?s={search_term_string}\"},\"query-input\":\"required name=search_term_string\"}],\"inLanguage\":\"es\"},{\"@type\":\"Organization\",\"@id\":\"https:\/\/www.eosystemes.fr\/es\/#organization\",\"name\":\"EOS\",\"url\":\"https:\/\/www.eosystemes.fr\/es\/\",\"logo\":{\"@type\":\"ImageObject\",\"inLanguage\":\"es\",\"@id\":\"https:\/\/www.eosystemes.fr\/es\/#\/schema\/logo\/image\/\",\"url\":\"https:\/\/www.eosystemes.fr\/wp-content\/uploads\/2023\/08\/LogoEOS-site.png\",\"contentUrl\":\"https:\/\/www.eosystemes.fr\/wp-content\/uploads\/2023\/08\/LogoEOS-site.png\",\"width\":400,\"height\":233,\"caption\":\"EOS\"},\"image\":{\"@id\":\"https:\/\/www.eosystemes.fr\/es\/#\/schema\/logo\/image\/\"}}]}<\/script>\n<!-- \/ Yoast SEO plugin. -->","yoast_head_json":{"title":"Informaci\u00f3n jur\u00eddica | EOS","description":"Informaci\u00f3n jur\u00eddica sobre el sitio web de EOS","robots":{"index":"index","follow":"follow","max-snippet":"max-snippet:-1","max-image-preview":"max-image-preview:large","max-video-preview":"max-video-preview:-1"},"canonical":"https:\/\/www.eosystemes.fr\/es\/informacion-juridica\/","og_locale":"es_ES","og_type":"article","og_title":"Informaci\u00f3n jur\u00eddica | EOS","og_description":"Informaci\u00f3n jur\u00eddica sobre el sitio web de EOS","og_url":"https:\/\/www.eosystemes.fr\/es\/informacion-juridica\/","og_site_name":"EOS","article_modified_time":"2024-06-17T08:32:30+00:00","twitter_card":"summary_large_image","twitter_misc":{"Tiempo de lectura":"3 minutos"},"schema":{"@context":"https:\/\/schema.org","@graph":[{"@type":"WebPage","@id":"https:\/\/www.eosystemes.fr\/es\/informacion-juridica\/","url":"https:\/\/www.eosystemes.fr\/es\/informacion-juridica\/","name":"Informaci\u00f3n jur\u00eddica | EOS","isPartOf":{"@id":"https:\/\/www.eosystemes.fr\/es\/#website"},"datePublished":"2024-01-17T17:09:35+00:00","dateModified":"2024-06-17T08:32:30+00:00","description":"Informaci\u00f3n jur\u00eddica sobre el sitio web de EOS","inLanguage":"es","potentialAction":[{"@type":"ReadAction","target":["https:\/\/www.eosystemes.fr\/es\/informacion-juridica\/"]}]},{"@type":"WebSite","@id":"https:\/\/www.eosystemes.fr\/es\/#website","url":"https:\/\/www.eosystemes.fr\/es\/","name":"EOS","description":"","publisher":{"@id":"https:\/\/www.eosystemes.fr\/es\/#organization"},"potentialAction":[{"@type":"SearchAction","target":{"@type":"EntryPoint","urlTemplate":"https:\/\/www.eosystemes.fr\/es\/?s={search_term_string}"},"query-input":"required name=search_term_string"}],"inLanguage":"es"},{"@type":"Organization","@id":"https:\/\/www.eosystemes.fr\/es\/#organization","name":"EOS","url":"https:\/\/www.eosystemes.fr\/es\/","logo":{"@type":"ImageObject","inLanguage":"es","@id":"https:\/\/www.eosystemes.fr\/es\/#\/schema\/logo\/image\/","url":"https:\/\/www.eosystemes.fr\/wp-content\/uploads\/2023\/08\/LogoEOS-site.png","contentUrl":"https:\/\/www.eosystemes.fr\/wp-content\/uploads\/2023\/08\/LogoEOS-site.png","width":400,"height":233,"caption":"EOS"},"image":{"@id":"https:\/\/www.eosystemes.fr\/es\/#\/schema\/logo\/image\/"}}]}},"_links":{"self":[{"href":"https:\/\/www.eosystemes.fr\/es\/wp-json\/wp\/v2\/pages\/3877","targetHints":{"allow":["GET"]}}],"collection":[{"href":"https:\/\/www.eosystemes.fr\/es\/wp-json\/wp\/v2\/pages"}],"about":[{"href":"https:\/\/www.eosystemes.fr\/es\/wp-json\/wp\/v2\/types\/page"}],"author":[{"embeddable":true,"href":"https:\/\/www.eosystemes.fr\/es\/wp-json\/wp\/v2\/users\/1"}],"replies":[{"embeddable":true,"href":"https:\/\/www.eosystemes.fr\/es\/wp-json\/wp\/v2\/comments?post=3877"}],"version-history":[{"count":2,"href":"https:\/\/www.eosystemes.fr\/es\/wp-json\/wp\/v2\/pages\/3877\/revisions"}],"predecessor-version":[{"id":4718,"href":"https:\/\/www.eosystemes.fr\/es\/wp-json\/wp\/v2\/pages\/3877\/revisions\/4718"}],"wp:attachment":[{"href":"https:\/\/www.eosystemes.fr\/es\/wp-json\/wp\/v2\/media?parent=3877"}],"curies":[{"name":"wp","href":"https:\/\/api.w.org\/{rel}","templated":true}]}}