{"id":3888,"date":"2024-01-17T18:09:35","date_gmt":"2024-01-17T17:09:35","guid":{"rendered":"https:\/\/www.eosystemes.fr\/informazioni-legali\/"},"modified":"2024-06-17T10:32:30","modified_gmt":"2024-06-17T08:32:30","slug":"informazioni-legali","status":"publish","type":"page","link":"https:\/\/www.eosystemes.fr\/it\/informazioni-legali\/","title":{"rendered":"Informazioni legali"},"content":{"rendered":"\t\t<div data-elementor-type=\"wp-page\" data-elementor-id=\"3888\" class=\"elementor elementor-3888 elementor-2164\">\n\t\t\t\t<div class=\"elementor-element elementor-element-95ef651 e-con-full e-flex e-con e-parent\" data-id=\"95ef651\" data-element_type=\"container\" data-settings=\"{&quot;background_background&quot;:&quot;classic&quot;}\" data-core-v316-plus=\"true\">\n\t\t<div class=\"elementor-element elementor-element-0ce5309 e-flex e-con-boxed e-con e-child\" data-id=\"0ce5309\" data-element_type=\"container\" data-settings=\"{&quot;background_background&quot;:&quot;classic&quot;,&quot;shape_divider_bottom&quot;:&quot;curve-asymmetrical&quot;,&quot;shape_divider_bottom_negative&quot;:&quot;yes&quot;}\" data-e-bg-lazyload=\"\">\n\t\t\t\t\t<div class=\"e-con-inner\">\n\t\t\t\t<div class=\"elementor-shape elementor-shape-bottom\" data-negative=\"true\">\n\t\t\t<svg xmlns=\"http:\/\/www.w3.org\/2000\/svg\" viewBox=\"0 0 1000 100\" preserveAspectRatio=\"none\">\n\t<path class=\"elementor-shape-fill\" d=\"M615.2,96.7C240.2,97.8,0,18.9,0,0v100h1000V0C1000,19.2,989.8,96,615.2,96.7z\"\/>\n<\/svg>\t\t<\/div>\n\t\t\t\t<div class=\"elementor-element elementor-element-2f2ec56 filariane elementor-widget elementor-widget-shortcode\" data-id=\"2f2ec56\" data-element_type=\"widget\" data-widget_type=\"shortcode.default\">\n\t\t\t\t<div class=\"elementor-widget-container\">\n\t\t\t\t\t<div class=\"elementor-shortcode\"><\/div>\n\t\t\t\t<\/div>\n\t\t\t\t<\/div>\n\t\t\t\t<div class=\"elementor-element elementor-element-cd5939d elementor-widget__width-initial elementor-widget elementor-widget-heading\" data-id=\"cd5939d\" data-element_type=\"widget\" data-widget_type=\"heading.default\">\n\t\t\t\t<div class=\"elementor-widget-container\">\n\t\t\t<style>\/*! elementor - v3.20.0 - 13-03-2024 *\/\n.elementor-heading-title{padding:0;margin:0;line-height:1}.elementor-widget-heading .elementor-heading-title[class*=elementor-size-]>a{color:inherit;font-size:inherit;line-height:inherit}.elementor-widget-heading .elementor-heading-title.elementor-size-small{font-size:15px}.elementor-widget-heading .elementor-heading-title.elementor-size-medium{font-size:19px}.elementor-widget-heading .elementor-heading-title.elementor-size-large{font-size:29px}.elementor-widget-heading .elementor-heading-title.elementor-size-xl{font-size:39px}.elementor-widget-heading .elementor-heading-title.elementor-size-xxl{font-size:59px}<\/style><span class=\"elementor-heading-title elementor-size-default\">Informazioni legali<\/span>\t\t<\/div>\n\t\t\t\t<\/div>\n\t\t\t\t\t<\/div>\n\t\t\t\t<\/div>\n\t\t\t\t<\/div>\n\t\t<div class=\"elementor-element elementor-element-e0d0cf2 e-flex e-con-boxed e-con e-parent\" data-id=\"e0d0cf2\" data-element_type=\"container\" data-settings=\"{&quot;background_background&quot;:&quot;gradient&quot;}\" data-core-v316-plus=\"true\">\n\t\t\t\t\t<div class=\"e-con-inner\">\n\t\t\t\t<div class=\"elementor-element elementor-element-e7dcac5 elementor-widget elementor-widget-heading\" data-id=\"e7dcac5\" data-element_type=\"widget\" data-widget_type=\"heading.default\">\n\t\t\t\t<div class=\"elementor-widget-container\">\n\t\t\t<h1 class=\"elementor-heading-title elementor-size-default\">Informazioni legali<\/h1>\t\t<\/div>\n\t\t\t\t<\/div>\n\t\t\t\t<div class=\"elementor-element elementor-element-e392db8 elementor-widget elementor-widget-text-editor\" data-id=\"e392db8\" data-element_type=\"widget\" data-widget_type=\"text-editor.default\">\n\t\t\t\t<div class=\"elementor-widget-container\">\n\t\t\t<style>\/*! elementor - v3.20.0 - 13-03-2024 *\/\n.elementor-widget-text-editor.elementor-drop-cap-view-stacked .elementor-drop-cap{background-color:#69727d;color:#fff}.elementor-widget-text-editor.elementor-drop-cap-view-framed .elementor-drop-cap{color:#69727d;border:3px solid;background-color:transparent}.elementor-widget-text-editor:not(.elementor-drop-cap-view-default) .elementor-drop-cap{margin-top:8px}.elementor-widget-text-editor:not(.elementor-drop-cap-view-default) .elementor-drop-cap-letter{width:1em;height:1em}.elementor-widget-text-editor .elementor-drop-cap{float:left;text-align:center;line-height:1;font-size:50px}.elementor-widget-text-editor .elementor-drop-cap-letter{display:inline-block}<\/style>\t\t\t\t<h2>Identit\u00e0 dell&#8217;operatore del sito<\/h2>\n<ul>\n<li><b>Nome della societ\u00e0:<\/b> EATON OUTILLAGES SYSTEMES<\/li>\n<li><b>Direttore :<\/b> Arnaud ABATI<\/li>\n<li><b>SIRENA n.<\/b>: 521 791 376<\/li>\n<li><b>Sede legale:<\/b> ZA les 2B, 570 chemin de Derontet, 01360 B\u00e9ligneux<\/li>\n<li><b>Tel. n.:<\/b> 04 78 21 99 60<\/li>\n<li><b>Email :<\/b> concact@eosystemes.fr<\/li>\n<li><b>Partita IVA intracomunitaria:<\/b> FR 71 521 791 376<\/li>\n<li><b>Responsabile della pubblicazione:<\/b> Nicolas Bergeret<\/li>\n<\/ul>\n<h2>Ospite<\/h2>\n<ul>\n<li><b>Nome della societ\u00e0:<\/b> OVH<\/li>\n<li><b>Sede legale:<\/b> 2 rue Kellermann &#8211; BP 80157 59053 ROUBAIX CEDEX 1<\/li>\n<\/ul>\n<h2>Design e SEO<\/h2>\n<ul>\n<li><b>Agenzia di Webmarketing :<\/b> <em><br \/>\n  <a href=\"https:\/\/www.ionweb.fr\" target=\"_blank\" rel=\"nofollow noreferrer noopener\">iOnweb<\/a><br \/>\n<\/em><\/li>\n<\/ul>\n<h2>Propriet\u00e0 intellettuale &#8211; Protezione delle banche dati<\/h2>\n<p>Tutti gli elementi del Sito, sia visivi che audio, compresa la tecnologia sottostante, nonch\u00e9 i prodotti e i servizi offerti, sono protetti da diritti di propriet\u00e0 intellettuale quali copyright, marchi o brevetti. Sono di propriet\u00e0 esclusiva di EATON OUTILLAGES SYSTEMES, dei suoi partner o dei suoi fornitori di contenuti. \u00c8 vietata qualsiasi riproduzione, rappresentazione o riutilizzo, totale o parziale, su qualsiasi supporto. L&#8217;inosservanza di questo divieto costituisce una violazione per la quale il trasgressore pu\u00f2 essere ritenuto responsabile civilmente e penalmente. Gli utenti di Internet che dispongono di un sito Internet personale e che desiderano inserire, per uso personale, sul proprio sito un semplice link che rimandi direttamente al Sito, devono richiedere un&#8217;autorizzazione scritta preventiva a EATON OUTILLAGES SYSTEMES, senza che tale autorizzazione possa essere considerata come un accordo di affiliazione implicito. In ogni caso, qualsiasi link deve essere rimosso su semplice richiesta di EATON OUTILLAGES SYSTEMES.<\/p>\n<p>\u00c8 vietato estrarre e\/o riutilizzare sistematicamente parti del Sito senza la previa autorizzazione scritta di EATON OUTILLAGES SYSTEMES. In particolare, \u00e8 vietato utilizzare un robot di estrazione dati o qualsiasi altro strumento simile di raccolta o estrazione dati per estrarre (in una o pi\u00f9 occasioni) o riutilizzare una parte sostanziale del Sito senza la previa autorizzazione scritta di EATON OUTILLAGES SYSTEMES. \u00c8 vietato creare e\/o pubblicare banche dati proprie che includano parti sostanziali del Sito senza la previa autorizzazione scritta di EATON OUTILLAGES SYSTEMES.<\/p>\n<h2>Responsabilit\u00e0<\/h2>\n<p>EATON OUTILLAGES SYSTEMES non pu\u00f2 essere ritenuta responsabile delle interruzioni dei servizi dovute alle caratteristiche e ai limiti della rete Internet, in particolare in caso di interruzione delle reti di accesso, delle prestazioni tecniche e dei tempi di risposta per la consultazione delle informazioni contenute nel Sito. EATON OUTILLAGES SYSTEMES non \u00e8 in alcun modo responsabile delle interruzioni dei servizi del Sito dovute a difficolt\u00e0 tecniche o di altro tipo.<\/p>\n<p>Date le caratteristiche intrinseche di Internet, EATON OUTILLAGES SYSTEMES non garantisce l&#8217;utente di Internet contro i rischi di appropriazione indebita, intrusione, contaminazione e pirateria dei suoi dati, programmi e file. \u00c8 responsabilit\u00e0 degli utenti di Internet adottare tutte le misure appropriate per proteggere i propri dati, programmi e file, in particolare dai virus informatici.<\/p>\n<p>EATON OUTILLAGES SYSTEMES non si assume alcuna responsabilit\u00e0 in merito a :<\/p>\n<ul>\n<li>Le conseguenze del guasto delle apparecchiature informatiche e\/o delle reti di un Utente di Internet (computer, telefono, ecc.);<\/li>\n<li>Le conseguenze di qualsiasi interruzione o guasto della rete Internet e\/o dei servizi di accesso a Internet;<\/li>\n<li>Le conseguenze del mancato rispetto delle istruzioni fornite da EATON OUTILLAGES SYSTEMES.<\/li>\n<\/ul>\n\t\t\t\t\t\t<\/div>\n\t\t\t\t<\/div>\n\t\t\t\t\t<\/div>\n\t\t\t\t<\/div>\n\t\t\t\t<\/div>\n\t\t","protected":false},"excerpt":{"rendered":"<p>Informazioni legali Informazioni legali Identit\u00e0 dell&#8217;operatore del sito Nome della societ\u00e0: EATON OUTILLAGES SYSTEMES Direttore : Arnaud ABATI SIRENA n.: 521 791 376 Sede legale: ZA les 2B, 570 chemin de Derontet, 01360 B\u00e9ligneux Tel. n.: 04 78 21 99 60 Email : concact@eosystemes.fr Partita IVA intracomunitaria: FR 71 521 791 376 Responsabile della pubblicazione: [&hellip;]<\/p>\n","protected":false},"author":1,"featured_media":0,"parent":0,"menu_order":0,"comment_status":"closed","ping_status":"closed","template":"","meta":{"site-sidebar-layout":"no-sidebar","site-content-layout":"page-builder","ast-site-content-layout":"full-width-container","site-content-style":"unboxed","site-sidebar-style":"unboxed","ast-global-header-display":"","ast-banner-title-visibility":"","ast-main-header-display":"","ast-hfb-above-header-display":"","ast-hfb-below-header-display":"","ast-hfb-mobile-header-display":"","site-post-title":"disabled","ast-breadcrumbs-content":"","ast-featured-img":"","footer-sml-layout":"","theme-transparent-header-meta":"disabled","adv-header-id-meta":"","stick-header-meta":"","header-above-stick-meta":"","header-main-stick-meta":"","header-below-stick-meta":"","astra-migrate-meta-layouts":"default","ast-page-background-enabled":"default","ast-page-background-meta":{"desktop":{"background-color":"var(--ast-global-color-4)","background-image":"","background-repeat":"repeat","background-position":"center center","background-size":"auto","background-attachment":"scroll","background-type":"","background-media":"","overlay-type":"","overlay-color":"","overlay-gradient":""},"tablet":{"background-color":"","background-image":"","background-repeat":"repeat","background-position":"center center","background-size":"auto","background-attachment":"scroll","background-type":"","background-media":"","overlay-type":"","overlay-color":"","overlay-gradient":""},"mobile":{"background-color":"","background-image":"","background-repeat":"repeat","background-position":"center center","background-size":"auto","background-attachment":"scroll","background-type":"","background-media":"","overlay-type":"","overlay-color":"","overlay-gradient":""}},"ast-content-background-meta":{"desktop":{"background-color":"var(--ast-global-color-5)","background-image":"","background-repeat":"repeat","background-position":"center center","background-size":"auto","background-attachment":"scroll","background-type":"","background-media":"","overlay-type":"","overlay-color":"","overlay-gradient":""},"tablet":{"background-color":"var(--ast-global-color-5)","background-image":"","background-repeat":"repeat","background-position":"center center","background-size":"auto","background-attachment":"scroll","background-type":"","background-media":"","overlay-type":"","overlay-color":"","overlay-gradient":""},"mobile":{"background-color":"var(--ast-global-color-5)","background-image":"","background-repeat":"repeat","background-position":"center center","background-size":"auto","background-attachment":"scroll","background-type":"","background-media":"","overlay-type":"","overlay-color":"","overlay-gradient":""}},"footnotes":""},"class_list":["post-3888","page","type-page","status-publish","hentry"],"yoast_head":"<!-- This site is optimized with the Yoast SEO plugin v21.9.1 - https:\/\/yoast.com\/wordpress\/plugins\/seo\/ -->\n<title>Informazioni legali | EOS<\/title>\n<meta name=\"description\" content=\"Informazioni legali per il sito web di EOS\" \/>\n<meta name=\"robots\" content=\"index, follow, max-snippet:-1, max-image-preview:large, max-video-preview:-1\" \/>\n<link rel=\"canonical\" href=\"https:\/\/www.eosystemes.fr\/it\/informazioni-legali\/\" \/>\n<meta property=\"og:locale\" content=\"it_IT\" \/>\n<meta property=\"og:type\" content=\"article\" \/>\n<meta property=\"og:title\" content=\"Informazioni legali | EOS\" \/>\n<meta property=\"og:description\" content=\"Informazioni legali per il sito web di EOS\" \/>\n<meta property=\"og:url\" content=\"https:\/\/www.eosystemes.fr\/it\/informazioni-legali\/\" \/>\n<meta property=\"og:site_name\" content=\"EOS\" \/>\n<meta property=\"article:modified_time\" content=\"2024-06-17T08:32:30+00:00\" \/>\n<meta name=\"twitter:card\" content=\"summary_large_image\" \/>\n<meta name=\"twitter:label1\" content=\"Tempo di lettura stimato\" \/>\n\t<meta name=\"twitter:data1\" content=\"2 minuti\" \/>\n<script type=\"application\/ld+json\" class=\"yoast-schema-graph\">{\"@context\":\"https:\/\/schema.org\",\"@graph\":[{\"@type\":\"WebPage\",\"@id\":\"https:\/\/www.eosystemes.fr\/it\/informazioni-legali\/\",\"url\":\"https:\/\/www.eosystemes.fr\/it\/informazioni-legali\/\",\"name\":\"Informazioni legali | EOS\",\"isPartOf\":{\"@id\":\"https:\/\/www.eosystemes.fr\/it\/#website\"},\"datePublished\":\"2024-01-17T17:09:35+00:00\",\"dateModified\":\"2024-06-17T08:32:30+00:00\",\"description\":\"Informazioni legali per il sito web di EOS\",\"inLanguage\":\"it-IT\",\"potentialAction\":[{\"@type\":\"ReadAction\",\"target\":[\"https:\/\/www.eosystemes.fr\/it\/informazioni-legali\/\"]}]},{\"@type\":\"WebSite\",\"@id\":\"https:\/\/www.eosystemes.fr\/it\/#website\",\"url\":\"https:\/\/www.eosystemes.fr\/it\/\",\"name\":\"EOS\",\"description\":\"\",\"publisher\":{\"@id\":\"https:\/\/www.eosystemes.fr\/it\/#organization\"},\"potentialAction\":[{\"@type\":\"SearchAction\",\"target\":{\"@type\":\"EntryPoint\",\"urlTemplate\":\"https:\/\/www.eosystemes.fr\/it\/?s={search_term_string}\"},\"query-input\":\"required name=search_term_string\"}],\"inLanguage\":\"it-IT\"},{\"@type\":\"Organization\",\"@id\":\"https:\/\/www.eosystemes.fr\/it\/#organization\",\"name\":\"EOS\",\"url\":\"https:\/\/www.eosystemes.fr\/it\/\",\"logo\":{\"@type\":\"ImageObject\",\"inLanguage\":\"it-IT\",\"@id\":\"https:\/\/www.eosystemes.fr\/it\/#\/schema\/logo\/image\/\",\"url\":\"https:\/\/www.eosystemes.fr\/wp-content\/uploads\/2023\/08\/LogoEOS-site.png\",\"contentUrl\":\"https:\/\/www.eosystemes.fr\/wp-content\/uploads\/2023\/08\/LogoEOS-site.png\",\"width\":400,\"height\":233,\"caption\":\"EOS\"},\"image\":{\"@id\":\"https:\/\/www.eosystemes.fr\/it\/#\/schema\/logo\/image\/\"}}]}<\/script>\n<!-- \/ Yoast SEO plugin. -->","yoast_head_json":{"title":"Informazioni legali | EOS","description":"Informazioni legali per il sito web di EOS","robots":{"index":"index","follow":"follow","max-snippet":"max-snippet:-1","max-image-preview":"max-image-preview:large","max-video-preview":"max-video-preview:-1"},"canonical":"https:\/\/www.eosystemes.fr\/it\/informazioni-legali\/","og_locale":"it_IT","og_type":"article","og_title":"Informazioni legali | EOS","og_description":"Informazioni legali per il sito web di EOS","og_url":"https:\/\/www.eosystemes.fr\/it\/informazioni-legali\/","og_site_name":"EOS","article_modified_time":"2024-06-17T08:32:30+00:00","twitter_card":"summary_large_image","twitter_misc":{"Tempo di lettura stimato":"2 minuti"},"schema":{"@context":"https:\/\/schema.org","@graph":[{"@type":"WebPage","@id":"https:\/\/www.eosystemes.fr\/it\/informazioni-legali\/","url":"https:\/\/www.eosystemes.fr\/it\/informazioni-legali\/","name":"Informazioni legali | EOS","isPartOf":{"@id":"https:\/\/www.eosystemes.fr\/it\/#website"},"datePublished":"2024-01-17T17:09:35+00:00","dateModified":"2024-06-17T08:32:30+00:00","description":"Informazioni legali per il sito web di EOS","inLanguage":"it-IT","potentialAction":[{"@type":"ReadAction","target":["https:\/\/www.eosystemes.fr\/it\/informazioni-legali\/"]}]},{"@type":"WebSite","@id":"https:\/\/www.eosystemes.fr\/it\/#website","url":"https:\/\/www.eosystemes.fr\/it\/","name":"EOS","description":"","publisher":{"@id":"https:\/\/www.eosystemes.fr\/it\/#organization"},"potentialAction":[{"@type":"SearchAction","target":{"@type":"EntryPoint","urlTemplate":"https:\/\/www.eosystemes.fr\/it\/?s={search_term_string}"},"query-input":"required name=search_term_string"}],"inLanguage":"it-IT"},{"@type":"Organization","@id":"https:\/\/www.eosystemes.fr\/it\/#organization","name":"EOS","url":"https:\/\/www.eosystemes.fr\/it\/","logo":{"@type":"ImageObject","inLanguage":"it-IT","@id":"https:\/\/www.eosystemes.fr\/it\/#\/schema\/logo\/image\/","url":"https:\/\/www.eosystemes.fr\/wp-content\/uploads\/2023\/08\/LogoEOS-site.png","contentUrl":"https:\/\/www.eosystemes.fr\/wp-content\/uploads\/2023\/08\/LogoEOS-site.png","width":400,"height":233,"caption":"EOS"},"image":{"@id":"https:\/\/www.eosystemes.fr\/it\/#\/schema\/logo\/image\/"}}]}},"_links":{"self":[{"href":"https:\/\/www.eosystemes.fr\/it\/wp-json\/wp\/v2\/pages\/3888","targetHints":{"allow":["GET"]}}],"collection":[{"href":"https:\/\/www.eosystemes.fr\/it\/wp-json\/wp\/v2\/pages"}],"about":[{"href":"https:\/\/www.eosystemes.fr\/it\/wp-json\/wp\/v2\/types\/page"}],"author":[{"embeddable":true,"href":"https:\/\/www.eosystemes.fr\/it\/wp-json\/wp\/v2\/users\/1"}],"replies":[{"embeddable":true,"href":"https:\/\/www.eosystemes.fr\/it\/wp-json\/wp\/v2\/comments?post=3888"}],"version-history":[{"count":2,"href":"https:\/\/www.eosystemes.fr\/it\/wp-json\/wp\/v2\/pages\/3888\/revisions"}],"predecessor-version":[{"id":4717,"href":"https:\/\/www.eosystemes.fr\/it\/wp-json\/wp\/v2\/pages\/3888\/revisions\/4717"}],"wp:attachment":[{"href":"https:\/\/www.eosystemes.fr\/it\/wp-json\/wp\/v2\/media?parent=3888"}],"curies":[{"name":"wp","href":"https:\/\/api.w.org\/{rel}","templated":true}]}}